{"id":179,"date":"2010-04-01T10:07:47","date_gmt":"2010-04-01T08:07:47","guid":{"rendered":"http:\/\/www.crionna.fi\/?page_id=179"},"modified":"2022-10-30T10:17:45","modified_gmt":"2022-10-30T08:17:45","slug":"kennel-crionnasta","status":"publish","type":"page","link":"https:\/\/www.crionna.fi\/kennel\/?page_id=179","title":{"rendered":"Kennel Cr\u00edonnasta"},"content":{"rendered":"\n<div class=\"wp-block-image\"><figure class=\"alignleft\"><a href=\"http:\/\/www.crionna.fi\/wp-content\/uploads\/2010\/01\/IMG_8521.jpg\"><img loading=\"lazy\" width=\"600\" height=\"400\" src=\"http:\/\/www.crionna.fi\/wp-content\/uploads\/2010\/01\/IMG_8521.jpg\" alt=\"Dotte and Pontus 7.5.2011\" class=\"wp-image-580\" title=\"Pennut leikkim\u00e4ss\u00e4 olohuoneessamme\" srcset=\"https:\/\/www.crionna.fi\/kennel\/wp-content\/uploads\/2010\/01\/IMG_8521.jpg 600w, https:\/\/www.crionna.fi\/kennel\/wp-content\/uploads\/2010\/01\/IMG_8521-300x200.jpg 300w\" sizes=\"(max-width: 600px) 100vw, 600px\" \/><\/a><\/figure><\/div>\n\n\n\n<p>Kennel <strong>Cr\u00edonna<\/strong>ssa kasvatamme pienimuotoisesti <strong>kerrynterrierej\u00e4<\/strong>. Niit\u00e4 hoidetaan rakkaudella perheen parissa ja totutetaan jo pentuna jokap\u00e4iv\u00e4iseen el\u00e4m\u00e4\u00e4mme.<\/p>\n\n\n\n<figure class=\"wp-block-image size-large\"><img loading=\"lazy\" width=\"450\" height=\"600\" src=\"https:\/\/www.crionna.fi\/kennel\/wp-content\/uploads\/2022\/10\/BCB2FE68-14AA-4BF8-BB0B-2E56E034A83C-e1667052462508.jpeg\" alt=\"\" class=\"wp-image-1615\" srcset=\"https:\/\/www.crionna.fi\/kennel\/wp-content\/uploads\/2022\/10\/BCB2FE68-14AA-4BF8-BB0B-2E56E034A83C-e1667052462508.jpeg 450w, https:\/\/www.crionna.fi\/kennel\/wp-content\/uploads\/2022\/10\/BCB2FE68-14AA-4BF8-BB0B-2E56E034A83C-e1667052462508-225x300.jpeg 225w\" sizes=\"(max-width: 450px) 100vw, 450px\" \/><\/figure>\n\n\n\n<p>Kokemusta kerryrodusta on kertynyt vuodesta 1975, jolloin perheeseemme tuli ensimm\u00e4inen kerrynpentumme Imatralta, kennel Blue Moonlightin C-pentueesta. Varsinainen kerryjen kasvatusajatus syntyi Gaeltacht Fithir Aille eli \u201dFizz\u201d:n my\u00f6t\u00e4 kun se saapui perheeseemme sijoitukseen v. 1995.<\/p>\n\n\n\n<p>Olen Suomen Kennelliiton sek\u00e4 Suomen Kerry- ja Vehn\u00e4terrieriliiton j\u00e4sen. Kennelliiton kasvattajakurssin suoritin tammikuussa 2009 ja kennelnimi minulle my\u00f6nnettiin syyskuussa 2009.<\/p>\n\n\n\n<p>Perheess\u00e4mme on t\u00e4ll\u00e4 hetkell\u00e4 kaksi kerrynterrieri\u00e4, narttumme C-pentueestamme Cr\u00edonna Cinderella eli `Cindy\u00b4 8v., Ruotsin tuonti uroksemme Rollick\u2019s Love Is Blue \u2019Rufus\u2019 3v.<br>Syksyll\u00e4 2022 tuli laumaamme t\u00e4ydennys Unkarista, Cockerry Azzurro \u2019Zurro\u2019, joka on juniori-ik\u00e4inen uros yhteisomistuksessa Pia V\u00e4is\u00e4sen kanssa.<\/p>\n\n\n\n<figure class=\"wp-block-image size-large is-style-rounded\"><img loading=\"lazy\" width=\"450\" height=\"600\" src=\"https:\/\/www.crionna.fi\/kennel\/wp-content\/uploads\/2022\/10\/4DD8D160-7C26-4F3D-BACF-417484DCDFFE-e1667070419681.jpeg\" alt=\"\" class=\"wp-image-1596\" srcset=\"https:\/\/www.crionna.fi\/kennel\/wp-content\/uploads\/2022\/10\/4DD8D160-7C26-4F3D-BACF-417484DCDFFE-e1667070419681.jpeg 450w, https:\/\/www.crionna.fi\/kennel\/wp-content\/uploads\/2022\/10\/4DD8D160-7C26-4F3D-BACF-417484DCDFFE-e1667070419681-225x300.jpeg 225w\" sizes=\"(max-width: 450px) 100vw, 450px\" \/><\/figure>\n\n\n\n<div class=\"wp-block-image\"><figure class=\"alignleft\"><a href=\"http:\/\/www.crionna.fi\/wp-content\/uploads\/2015\/01\/Crionna-C-pennut-ulkoilevat-jo-2-vkon-i\u00e4st\u00e4-l\u00e4htien-t\u00e4ss\u00e4-3.10.2014-799-e1421316899866.jpg\"><img loading=\"lazy\" width=\"388\" height=\"307\" src=\"http:\/\/www.crionna.fi\/wp-content\/uploads\/2015\/01\/Crionna-C-pennut-ulkoilevat-jo-2-vkon-i\u00e4st\u00e4-l\u00e4htien-t\u00e4ss\u00e4-3.10.2014-799-e1421316899866.jpg\" alt=\"Crionna C-pennut ulkoilemassa 3.10.2014, 5 vko:n vanhoina\" class=\"wp-image-1358\" srcset=\"https:\/\/www.crionna.fi\/kennel\/wp-content\/uploads\/2015\/01\/Crionna-C-pennut-ulkoilevat-jo-2-vkon-i\u00e4st\u00e4-l\u00e4htien-t\u00e4ss\u00e4-3.10.2014-799-e1421316899866.jpg 388w, https:\/\/www.crionna.fi\/kennel\/wp-content\/uploads\/2015\/01\/Crionna-C-pennut-ulkoilevat-jo-2-vkon-i\u00e4st\u00e4-l\u00e4htien-t\u00e4ss\u00e4-3.10.2014-799-e1421316899866-300x237.jpg 300w\" sizes=\"(max-width: 388px) 100vw, 388px\" \/><\/a><figcaption>Crionna C-pennut 3.10.2014, 5 vko<\/figcaption><\/figure><\/div>\n\n\n\n<p>Ajatuksenani on kasvattaa <em>rekister\u00f6ityj\u00e4, terveist\u00e4 ja harkituista yhdistelmist\u00e4 rotutyypillisi\u00e4, hyv\u00e4luonteisia sek\u00e4 avoimia yksil\u00f6it\u00e4<\/em> &#8211; huomioiden yksil\u00f6iden sopivuus toisilleen unohtamatta kerryjen rodunomaisuutta. Pentuetta miettiess\u00e4ni pid\u00e4n erityisen t\u00e4rke\u00e4n\u00e4 juuri yhdistelm\u00e4n luonnetta, terveytt\u00e4, alhaista sukusiitosastetta sek\u00e4 vanhempien rotutyyppi\u00e4. Yhdistelm\u00e4n tulee olla sellainen, josta olisin my\u00f6s itse valmis hankkimaan itselleni pennun.<\/p>\n\n\n\n<p>Asumme omakotitalossa rauhallisessa ymp\u00e4rist\u00f6ss\u00e4 aivan Espoon keskuksen tuntumassa.<\/p>\n\n\n\n<div class=\"wp-block-image wp-image-1567 size-medium\"><figure class=\"alignleft\"><img loading=\"lazy\" width=\"225\" height=\"300\" src=\"https:\/\/www.crionna.fi\/kennel\/wp-content\/uploads\/2022\/10\/ACFF8594-3747-4774-AA64-E610A6711738-e1667049006719-225x300.jpeg\" alt=\"\" class=\"wp-image-1567\" srcset=\"https:\/\/www.crionna.fi\/kennel\/wp-content\/uploads\/2022\/10\/ACFF8594-3747-4774-AA64-E610A6711738-e1667049006719-225x300.jpeg 225w, https:\/\/www.crionna.fi\/kennel\/wp-content\/uploads\/2022\/10\/ACFF8594-3747-4774-AA64-E610A6711738-e1667049006719.jpeg 450w\" sizes=\"(max-width: 225px) 100vw, 225px\" \/><figcaption>Cindy Duket ja Rufus syksyll\u00e4 2021.<\/figcaption><\/figure><\/div>\n\n\n\n<p>Koiramme ovat DNA-testattu perinn\u00f6llisten tautien <\/p>\n\n\n\n<p>-DM eli Degeneratiivisen\u00a0Myelopatian, vWD eli von Willebrandin verenvuototaudin sek\u00e4 CMSD eli Canine Multiple System Degeneration-taudin -osalta ja terveit\u00e4 (tulokset N\/N).\u00a0<\/p>\n\n\n\n<p>Zurron vanhemmat ovat my\u00f6s testattuja ja terveit\u00e4 (molemmat N\/N DM, vWD), joten Zurro on my\u00f6s terve n\u00e4iden perinn\u00f6llisten tautien osalta.<\/p>\n\n\n\n<p>Koiriemme peruskoulutukseen kuuluu mm. se ett\u00e4 ne kutsuttaessa tulevat luokse,\u00a0 istuvat k\u00e4skyst\u00e4, ottavat silm\u00e4kontaktin ja seuraavat vierell\u00e4 ulkoillessa, noutavat palloa jne. Ne eiv\u00e4t saa menn\u00e4 s\u00e4nkyihin eik\u00e4 sohville. Meill\u00e4 koirat juoksevat ulos ovista ja sy\u00f6v\u00e4t\u00a0vasta saatuaan luvan siihen. Lis\u00e4ksi tassu- ja partapesut ovat l\u00e4hes jokap\u00e4iv\u00e4inen ruutiinitoimenpide ulkoilujen j\u00e4lkeen.<\/p>\n\n\n\n<p>Ota rohkeasti yhteytt\u00e4 ja tule tutustumaan tarkemmin t\u00e4h\u00e4n hurmaavaan ja monipuoliseen harrastustoimintaan sopivaan rotuun. Kerron mielihyvin itsest\u00e4ni kasvattajana, koiristamme sek\u00e4 pentuesuunnitelmistamme lis\u00e4\u00e4.<\/p>\n\n\n\n<p><strong>Tervetuloa viihtym\u00e4\u00e4n kotisivuillemme<\/strong> !<\/p>\n\n\n\n<p>-Katarina<\/p>\n\n\n\n<figure class=\"wp-block-image size-large\"><img loading=\"lazy\" width=\"368\" height=\"600\" src=\"https:\/\/www.crionna.fi\/kennel\/wp-content\/uploads\/2022\/10\/2DCBF3F4-302D-4FD6-9409-866A7482E3E5.jpeg\" alt=\"\" class=\"wp-image-1649\" srcset=\"https:\/\/www.crionna.fi\/kennel\/wp-content\/uploads\/2022\/10\/2DCBF3F4-302D-4FD6-9409-866A7482E3E5.jpeg 368w, https:\/\/www.crionna.fi\/kennel\/wp-content\/uploads\/2022\/10\/2DCBF3F4-302D-4FD6-9409-866A7482E3E5-184x300.jpeg 184w\" sizes=\"(max-width: 368px) 100vw, 368px\" \/><\/figure>\n\n\n\n<figure class=\"wp-block-gallery columns-0 is-cropped\"><ul class=\"blocks-gallery-grid\"><\/ul><\/figure>\n\n\n\n<figure class=\"wp-block-gallery columns-0 is-cropped\"><ul class=\"blocks-gallery-grid\"><\/ul><\/figure>\n","protected":false},"excerpt":{"rendered":"<p>Kennel Cr\u00edonnassa kasvatamme pienimuotoisesti kerrynterrierej\u00e4. Niit\u00e4 hoidetaan rakkaudella perheen parissa ja totutetaan jo pentuna jokap\u00e4iv\u00e4iseen el\u00e4m\u00e4\u00e4mme. Kokemusta kerryrodusta on kertynyt vuodesta 1975, jolloin perheeseemme tuli ensimm\u00e4inen kerrynpentumme Imatralta, kennel Blue Moonlightin C-pentueesta. Varsinainen kerryjen kasvatusajatus syntyi Gaeltacht Fithir Aille eli \u201dFizz\u201d:n my\u00f6t\u00e4 kun se saapui perheeseemme sijoitukseen v. 1995. Olen Suomen Kennelliiton sek\u00e4 Suomen Kerry- [&hellip;]<\/p>\n","protected":false},"author":1,"featured_media":0,"parent":0,"menu_order":0,"comment_status":"open","ping_status":"closed","template":"","meta":[],"_links":{"self":[{"href":"https:\/\/www.crionna.fi\/kennel\/index.php?rest_route=\/wp\/v2\/pages\/179"}],"collection":[{"href":"https:\/\/www.crionna.fi\/kennel\/index.php?rest_route=\/wp\/v2\/pages"}],"about":[{"href":"https:\/\/www.crionna.fi\/kennel\/index.php?rest_route=\/wp\/v2\/types\/page"}],"author":[{"embeddable":true,"href":"https:\/\/www.crionna.fi\/kennel\/index.php?rest_route=\/wp\/v2\/users\/1"}],"replies":[{"embeddable":true,"href":"https:\/\/www.crionna.fi\/kennel\/index.php?rest_route=%2Fwp%2Fv2%2Fcomments&post=179"}],"version-history":[{"count":124,"href":"https:\/\/www.crionna.fi\/kennel\/index.php?rest_route=\/wp\/v2\/pages\/179\/revisions"}],"predecessor-version":[{"id":1696,"href":"https:\/\/www.crionna.fi\/kennel\/index.php?rest_route=\/wp\/v2\/pages\/179\/revisions\/1696"}],"wp:attachment":[{"href":"https:\/\/www.crionna.fi\/kennel\/index.php?rest_route=%2Fwp%2Fv2%2Fmedia&parent=179"}],"curies":[{"name":"wp","href":"https:\/\/api.w.org\/{rel}","templated":true}]}}