{"id":119,"date":"2010-01-03T14:52:46","date_gmt":"2010-01-03T12:52:46","guid":{"rendered":"http:\/\/www.crionna.fi\/?page_id=119"},"modified":"2026-01-18T12:27:34","modified_gmt":"2026-01-18T10:27:34","slug":"home","status":"publish","type":"page","link":"https:\/\/www.crionna.fi\/kennel\/","title":{"rendered":"Home"},"content":{"rendered":"<blockquote><p><strong>Cr\u00edonna<\/strong> Kenneliss\u00e4 kasvattamme kerrynterriereit\u00e4 pienimuotoisesti kotioloissa Espoossa. Tervetuloa viihtym\u00e4\u00e4n kotisivuillemme ja tutustumaan kerryihimme!<img loading=\"lazy\" class=\"size-medium wp-image-1654 aligncenter\" src=\"https:\/\/www.crionna.fi\/kennel\/wp-content\/uploads\/2022\/10\/D6241A87-9A74-47BA-89C0-5248872FBD0F-229x300.jpeg\" alt=\"\" width=\"229\" height=\"300\" srcset=\"https:\/\/www.crionna.fi\/kennel\/wp-content\/uploads\/2022\/10\/D6241A87-9A74-47BA-89C0-5248872FBD0F-229x300.jpeg 229w, https:\/\/www.crionna.fi\/kennel\/wp-content\/uploads\/2022\/10\/D6241A87-9A74-47BA-89C0-5248872FBD0F.jpeg 457w\" sizes=\"(max-width: 229px) 100vw, 229px\" \/><\/p><\/blockquote>\n<blockquote>\n<div id=\"attachment_1764\" style=\"width: 310px\" class=\"wp-caption alignleft\"><img aria-describedby=\"caption-attachment-1764\" loading=\"lazy\" class=\"wp-image-1764 size-medium\" src=\"https:\/\/www.crionna.fi\/kennel\/wp-content\/uploads\/2026\/01\/dba0e209-22a6-4cfe-abb3-8371c257e706-300x225.jpeg\" alt=\"\" width=\"300\" height=\"225\" srcset=\"https:\/\/www.crionna.fi\/kennel\/wp-content\/uploads\/2026\/01\/dba0e209-22a6-4cfe-abb3-8371c257e706-300x225.jpeg 300w, https:\/\/www.crionna.fi\/kennel\/wp-content\/uploads\/2026\/01\/dba0e209-22a6-4cfe-abb3-8371c257e706.jpeg 600w\" sizes=\"(max-width: 300px) 100vw, 300px\" \/><p id=\"caption-attachment-1764\" class=\"wp-caption-text\">\u00a0Divine Vom Ochtendunger Land \u2019Diva\u2019 Fi Ch, EeCh 31.5.2025.<\/p><\/div>\n<p>Divine Vom Ochtendunger Land aca Diva on kennelimme uusin tulokas ja syntynyt Saksassa 2.1.2023 Frank B\u00f6hnken kasvattamana.<\/p>\n<div id=\"attachment_1755\" style=\"width: 310px\" class=\"wp-caption alignright\"><img aria-describedby=\"caption-attachment-1755\" loading=\"lazy\" class=\"size-medium wp-image-1755\" src=\"https:\/\/www.crionna.fi\/kennel\/wp-content\/uploads\/2026\/01\/IMG_7017-300x209.jpeg\" alt=\"\" width=\"300\" height=\"209\" srcset=\"https:\/\/www.crionna.fi\/kennel\/wp-content\/uploads\/2026\/01\/IMG_7017-300x209.jpeg 300w, https:\/\/www.crionna.fi\/kennel\/wp-content\/uploads\/2026\/01\/IMG_7017.jpeg 600w\" sizes=\"(max-width: 300px) 100vw, 300px\" \/><p id=\"caption-attachment-1755\" class=\"wp-caption-text\">Divan sukutaulu<\/p><\/div>\n<div id=\"attachment_1765\" style=\"width: 310px\" class=\"wp-caption alignleft\"><img aria-describedby=\"caption-attachment-1765\" loading=\"lazy\" class=\"size-medium wp-image-1765\" src=\"https:\/\/www.crionna.fi\/kennel\/wp-content\/uploads\/2026\/01\/IMG_6199-300x200.jpeg\" alt=\"\" width=\"300\" height=\"200\" srcset=\"https:\/\/www.crionna.fi\/kennel\/wp-content\/uploads\/2026\/01\/IMG_6199-300x200.jpeg 300w, https:\/\/www.crionna.fi\/kennel\/wp-content\/uploads\/2026\/01\/IMG_6199.jpeg 600w\" sizes=\"(max-width: 300px) 100vw, 300px\" \/><p id=\"caption-attachment-1765\" class=\"wp-caption-text\">Diva WW-show 8.8.2025<\/p><\/div>\n<div id=\"attachment_1767\" style=\"width: 235px\" class=\"wp-caption alignleft\"><img aria-describedby=\"caption-attachment-1767\" loading=\"lazy\" class=\"size-medium wp-image-1767\" src=\"https:\/\/www.crionna.fi\/kennel\/wp-content\/uploads\/2026\/01\/IMG_7129-e1768161352129-225x300.jpeg\" alt=\"\" width=\"225\" height=\"300\" srcset=\"https:\/\/www.crionna.fi\/kennel\/wp-content\/uploads\/2026\/01\/IMG_7129-e1768161352129-225x300.jpeg 225w, https:\/\/www.crionna.fi\/kennel\/wp-content\/uploads\/2026\/01\/IMG_7129-e1768161352129.jpeg 450w\" sizes=\"(max-width: 225px) 100vw, 225px\" \/><p id=\"caption-attachment-1767\" class=\"wp-caption-text\">Diva ja Rufus 6.12.2025<\/p><\/div><\/blockquote>\n<div>\n<div id=\"attachment_1766\" style=\"width: 268px\" class=\"wp-caption alignright\"><img aria-describedby=\"caption-attachment-1766\" loading=\"lazy\" class=\"size-medium wp-image-1766\" src=\"https:\/\/www.crionna.fi\/kennel\/wp-content\/uploads\/2026\/01\/IMG_7259-258x300.jpeg\" alt=\"\" width=\"258\" height=\"300\" srcset=\"https:\/\/www.crionna.fi\/kennel\/wp-content\/uploads\/2026\/01\/IMG_7259-258x300.jpeg 258w, https:\/\/www.crionna.fi\/kennel\/wp-content\/uploads\/2026\/01\/IMG_7259.jpeg 516w\" sizes=\"(max-width: 258px) 100vw, 258px\" \/><p id=\"caption-attachment-1766\" class=\"wp-caption-text\">Rufus ja Diva ostoksilla 4.1.2026<\/p><\/div>\n<div id=\"attachment_1754\" style=\"width: 310px\" class=\"wp-caption alignnone\"><img aria-describedby=\"caption-attachment-1754\" loading=\"lazy\" class=\"size-medium wp-image-1754\" src=\"https:\/\/www.crionna.fi\/kennel\/wp-content\/uploads\/2026\/01\/IMG_7211-300x225.jpeg\" alt=\"\" width=\"300\" height=\"225\" srcset=\"https:\/\/www.crionna.fi\/kennel\/wp-content\/uploads\/2026\/01\/IMG_7211-300x225.jpeg 300w, https:\/\/www.crionna.fi\/kennel\/wp-content\/uploads\/2026\/01\/IMG_7211.jpeg 600w\" sizes=\"(max-width: 300px) 100vw, 300px\" \/><p id=\"caption-attachment-1754\" class=\"wp-caption-text\">Diva &amp; Rufus 27.12.2025<\/p><\/div>\n<div id=\"attachment_1657\" style=\"width: 179px\" class=\"wp-caption alignright\"><img aria-describedby=\"caption-attachment-1657\" loading=\"lazy\" class=\"wp-image-1657 size-medium\" src=\"https:\/\/www.crionna.fi\/kennel\/wp-content\/uploads\/2022\/10\/7D550F31-ED95-4538-92BA-B0739692535A-169x300.jpeg\" alt=\"\" width=\"169\" height=\"300\" srcset=\"https:\/\/www.crionna.fi\/kennel\/wp-content\/uploads\/2022\/10\/7D550F31-ED95-4538-92BA-B0739692535A-169x300.jpeg 169w, https:\/\/www.crionna.fi\/kennel\/wp-content\/uploads\/2022\/10\/7D550F31-ED95-4538-92BA-B0739692535A.jpeg 337w\" sizes=\"(max-width: 169px) 100vw, 169px\" \/><p id=\"caption-attachment-1657\" class=\"wp-caption-text\">Crionna Conqueror An Chro\u00ed \u2019Conny\u2019 FI MVA\/ FI Ch 21.7.2017<\/p><\/div>\n<\/div>\n<div><\/div>\n<div>\n<div id=\"attachment_1660\" style=\"width: 310px\" class=\"wp-caption alignleft\"><img aria-describedby=\"caption-attachment-1660\" loading=\"lazy\" class=\"size-medium wp-image-1660\" src=\"https:\/\/www.crionna.fi\/kennel\/wp-content\/uploads\/2022\/10\/BF0AA89E-0435-4D52-9E9C-FA81B2F1D6E3-300x225.jpeg\" alt=\"\" width=\"300\" height=\"225\" srcset=\"https:\/\/www.crionna.fi\/kennel\/wp-content\/uploads\/2022\/10\/BF0AA89E-0435-4D52-9E9C-FA81B2F1D6E3-300x225.jpeg 300w, https:\/\/www.crionna.fi\/kennel\/wp-content\/uploads\/2022\/10\/BF0AA89E-0435-4D52-9E9C-FA81B2F1D6E3.jpeg 600w\" sizes=\"(max-width: 300px) 100vw, 300px\" \/><p id=\"caption-attachment-1660\" class=\"wp-caption-text\">Crionna Cinderella \u2019Cindy\u2019 FICh\/FiMVA (Suomen muotovalio), 28.8.2016<\/p><\/div>\n<p><strong style=\"color: #0000ff;\"><span style=\"text-decoration: underline;\">Svenska<\/span> <\/strong><span style=\"color: #0000ff;\">I Cr\u00edonna Kennel uppf\u00f6der vi kerry blue terriers i v\u00e5rt hem i Esbo.\u00a0<\/span><span style=\"color: #0000ff;\">Bekanta dig med v\u00e5ra hemsidor.<\/span><\/p>\n<\/div>\n<div><strong style=\"color: #0000ff; line-height: 1.5em;\">V\u00e5ra C-valpar f\u00f6ddes 25.8.2014<\/strong><span style=\"color: #0000ff;\">, 3 hanvalpar och 2 tikvalpar. Alla valpar har levt ett l\u00e5ngt liv. Tack till alla familjer f\u00f6r ett gott samarbete.<\/span><\/div>\n<div>\n<div id=\"attachment_772\" style=\"width: 310px\" class=\"wp-caption alignnone\"><img aria-describedby=\"caption-attachment-772\" loading=\"lazy\" class=\"size-medium wp-image-772\" src=\"https:\/\/www.crionna.fi\/kennel\/wp-content\/uploads\/2010\/01\/Crionna-Amanda-ROP-M\u00e4nts\u00e4l\u00e4-2012-e1345393254516-300x242.jpg\" alt=\"\" width=\"300\" height=\"242\" srcset=\"https:\/\/www.crionna.fi\/kennel\/wp-content\/uploads\/2010\/01\/Crionna-Amanda-ROP-M\u00e4nts\u00e4l\u00e4-2012-e1345393254516-300x242.jpg 300w, https:\/\/www.crionna.fi\/kennel\/wp-content\/uploads\/2010\/01\/Crionna-Amanda-ROP-M\u00e4nts\u00e4l\u00e4-2012-e1345393254516.jpg 376w\" sizes=\"(max-width: 300px) 100vw, 300px\" \/><p id=\"caption-attachment-772\" class=\"wp-caption-text\">Crionna Amanda Ex, sert \/cac, ROP- BOB, M\u00e4nts\u00e4l\u00e4 2012<\/p><\/div>\n<\/div>\n<div><\/div>\n<div><\/div>\n<div><strong style=\"line-height: 1.5em;\"><span style=\"color: #008000;\"><span style=\"text-decoration: underline;\">English<\/span><\/span> <\/strong><span style=\"color: #008000;\">In Cr\u00edonna Kennel we breed Kerry Blue terriers. W<\/span><span style=\"color: #008000;\">e have a small kennel in home surroundings in the City of Espoo, Finland. Please, visit our websites and write in our guestbook. Thank you \ud83d\ude42<\/span><\/div>\n<div><strong><span style=\"color: #008000;\">Our B-puppies<\/span><\/strong><span style=\"color: #008000;\"> were born in feburary, 2011. <\/span><\/div>\n<div><span style=\"font-weight: bold; color: #008000;\">Our last C- litter was born the 25th of august 2014, 3 male puppies and 2 female puppies.<\/span><\/div>\n<div><\/div>\n<div><img loading=\"lazy\" class=\"alignnone size-medium wp-image-1437\" src=\"https:\/\/www.crionna.fi\/kennel\/wp-content\/uploads\/2015\/07\/image5-e1435756900204-225x300.jpg\" alt=\"Palkkio kaikille, lenkill\u00e4 11.6.2015.Vasemmalta j\u00e4rjestys:Caro, Conny, Cindy ja Duke\" width=\"225\" height=\"300\" srcset=\"https:\/\/www.crionna.fi\/kennel\/wp-content\/uploads\/2015\/07\/image5-e1435756900204-225x300.jpg 225w, https:\/\/www.crionna.fi\/kennel\/wp-content\/uploads\/2015\/07\/image5-e1435756900204.jpg 450w\" sizes=\"(max-width: 225px) 100vw, 225px\" \/><\/div>\n<div><\/div>\n<div><strong style=\"color: #ff0000;\"><span style=\"text-decoration: underline;\"><strong>Francais<\/strong><\/span> <\/strong><span style=\"color: #ff0000;\">Dans notre \u00e9levage &#8221;Cr\u00edonna Kennel&#8221; nous \u00e9levons des Terrier kerry blue.<\/span><\/div>\n<div><span style=\"color: #ff0000;\">Nous sommes bas\u00e9 pr\u00e8s d\u00b4Espoo, au Sud de la Finlande. <\/span><\/div>\n<div><span style=\"color: #ff0000;\">Nous vous souhaitons la bienvenue sur notre site et nous vous invitons \u00e0 signer le Livre d\u00b4Or! Merci \ud83d\ude42<\/span><\/div>\n<div><span style=\"color: #ff0000;\"><span style=\"color: #ff0000;\">La naissance de<\/span><strong><span style=\"color: #ff0000;\"><strong> nos B-chiots <\/strong><\/span><\/strong><span style=\"color: #ff0000;\">\u00e9tait en f\u00e9vrier 2011. <\/span><\/span><\/div>\n<div><span style=\"color: #ff0000;\"><span style=\"color: #ff0000;\"><strong>Nos <\/strong><\/span><\/span><strong><span style=\"color: #ff0000;\"><strong>C<\/strong>-chiots sont n\u00e9s le 25.\u00a0<\/span><\/strong><span style=\"color: #ff0000;\"><span style=\"color: #ff0000;\"><span style=\"color: #ff0000;\"><strong><span style=\"color: #ff0000;\">a<\/span>o\u00fbt 2014, 3\u00a0<strong>chiot m\u00e2le et 2\u00a0<\/strong>chiot femelle<\/strong>.<\/span><\/span><\/span><\/p>\n<div id=\"attachment_1769\" style=\"width: 235px\" class=\"wp-caption alignnone\"><img aria-describedby=\"caption-attachment-1769\" loading=\"lazy\" class=\"size-medium wp-image-1769\" src=\"https:\/\/www.crionna.fi\/kennel\/wp-content\/uploads\/2026\/01\/IMG_7322-e1768162289764-225x300.jpeg\" alt=\"\" width=\"225\" height=\"300\" srcset=\"https:\/\/www.crionna.fi\/kennel\/wp-content\/uploads\/2026\/01\/IMG_7322-e1768162289764-225x300.jpeg 225w, https:\/\/www.crionna.fi\/kennel\/wp-content\/uploads\/2026\/01\/IMG_7322-e1768162289764.jpeg 450w\" sizes=\"(max-width: 225px) 100vw, 225px\" \/><p id=\"caption-attachment-1769\" class=\"wp-caption-text\">Diva &amp; Rufus love snow 11.1.2026<\/p><\/div>\n<\/div>\n<div><\/div>\n<div><img loading=\"lazy\" class=\"size-medium wp-image-1636 alignright\" src=\"https:\/\/www.crionna.fi\/kennel\/wp-content\/uploads\/2022\/10\/EDD1CFA4-DF3E-419D-85EF-7177196B4B2A-e1667070250575-225x300.jpeg\" alt=\"\" width=\"225\" height=\"300\" srcset=\"https:\/\/www.crionna.fi\/kennel\/wp-content\/uploads\/2022\/10\/EDD1CFA4-DF3E-419D-85EF-7177196B4B2A-e1667070250575-225x300.jpeg 225w, https:\/\/www.crionna.fi\/kennel\/wp-content\/uploads\/2022\/10\/EDD1CFA4-DF3E-419D-85EF-7177196B4B2A-e1667070250575.jpeg 450w\" sizes=\"(max-width: 225px) 100vw, 225px\" \/><\/div>\n<div><strong>Kuvagalleria \/ Bildgalleri \/ Photogallery: <a href=\"http:\/\/www.crionna.fi\/gallery2\/main.php\">http:\/\/www.crionna.fi\/gallery2\/main.php<\/a> <\/strong><\/div>\n<div>Kennel Cr\u00edonna Esbo \/Espoo Finland e-mail: crionna(at)crionna.fi <a href=\"http:\/\/www.crionna.fi\">www.crionna.fi<\/a><\/div>\n<div><\/div>\n<div><\/div>\n<div><\/div>\n<div><\/div>\n<div><\/div>\n<div><\/div>\n<div><\/div>\n<p><strong style=\"color: #ff0000;\"><strong><strong><strong>\u00a0<\/strong><\/strong><\/strong><\/strong><\/p>\n","protected":false},"excerpt":{"rendered":"<p>Cr\u00edonna Kenneliss\u00e4 kasvattamme kerrynterriereit\u00e4 pienimuotoisesti kotioloissa Espoossa. Tervetuloa viihtym\u00e4\u00e4n kotisivuillemme ja tutustumaan kerryihimme! Divine Vom Ochtendunger Land aca Diva on kennelimme uusin tulokas ja syntynyt Saksassa 2.1.2023 Frank B\u00f6hnken kasvattamana. Svenska I Cr\u00edonna Kennel uppf\u00f6der vi kerry blue terriers i v\u00e5rt hem i Esbo.\u00a0Bekanta dig med v\u00e5ra hemsidor. V\u00e5ra C-valpar f\u00f6ddes 25.8.2014, 3 hanvalpar och [&hellip;]<\/p>\n","protected":false},"author":1,"featured_media":0,"parent":0,"menu_order":0,"comment_status":"open","ping_status":"closed","template":"","meta":[],"_links":{"self":[{"href":"https:\/\/www.crionna.fi\/kennel\/index.php?rest_route=\/wp\/v2\/pages\/119"}],"collection":[{"href":"https:\/\/www.crionna.fi\/kennel\/index.php?rest_route=\/wp\/v2\/pages"}],"about":[{"href":"https:\/\/www.crionna.fi\/kennel\/index.php?rest_route=\/wp\/v2\/types\/page"}],"author":[{"embeddable":true,"href":"https:\/\/www.crionna.fi\/kennel\/index.php?rest_route=\/wp\/v2\/users\/1"}],"replies":[{"embeddable":true,"href":"https:\/\/www.crionna.fi\/kennel\/index.php?rest_route=%2Fwp%2Fv2%2Fcomments&post=119"}],"version-history":[{"count":369,"href":"https:\/\/www.crionna.fi\/kennel\/index.php?rest_route=\/wp\/v2\/pages\/119\/revisions"}],"predecessor-version":[{"id":1824,"href":"https:\/\/www.crionna.fi\/kennel\/index.php?rest_route=\/wp\/v2\/pages\/119\/revisions\/1824"}],"wp:attachment":[{"href":"https:\/\/www.crionna.fi\/kennel\/index.php?rest_route=%2Fwp%2Fv2%2Fmedia&parent=119"}],"curies":[{"name":"wp","href":"https:\/\/api.w.org\/{rel}","templated":true}]}}